{"id":1311,"date":"2016-08-20T19:32:00","date_gmt":"2016-08-20T17:32:00","guid":{"rendered":"http:\/\/www.xyhlo.de\/ueber-biofinish\/onderhoudsadvies-xyhlo-biofinsh\/"},"modified":"2016-09-28T13:52:51","modified_gmt":"2016-09-28T11:52:51","slug":"pflegeempfehlung","status":"publish","type":"page","link":"https:\/\/www.xyhlo.com\/de\/anwendungen-biofinish\/pflegeempfehlung\/","title":{"rendered":"Pflegeempfehlung"},"content":{"rendered":"[vc_row type=&#8220;in_container&#8220; scene_position=&#8220;center&#8220; text_color=&#8220;dark&#8220; text_align=&#8220;left&#8220; overlay_strength=&#8220;0.3&#8243;][vc_column column_padding=&#8220;no-extra-padding&#8220; column_padding_position=&#8220;all&#8220; background_color_opacity=&#8220;1&#8243; background_hover_color_opacity=&#8220;1&#8243; width=&#8220;1\/1&#8243;][vc_column_text]\n<h1>Pflegeempfehlung f\u00fcr Xyhlo Biofinish<\/h1>\n[\/vc_column_text][vc_column_text el_class=&#8220;text-intro&#8220;]W\u00e4hrend der Gebrauchsdauer kann Xyhlo Biofinish sich, wie andere Holzbehandlungen auch, in Abh\u00e4ngigkeit der nat\u00fcrlichen Holzeigenschaften (z.B. \u00c4ste, Harzgallen) und Exposition (z.B. Nord, S\u00fcd) ver\u00e4ndern. Diese Ver\u00e4nderungen sind normal und sind abh\u00e4ngig von den jeweiligen Umst\u00e4nden. Minimale Unvollkommenheiten am Xyhlo Biofinish, als Resultat dieser nat\u00fcrlichen Eigenschaften, fallen nicht unter die Xyhlo Biofinish-Garantie. Es ist darum wichtig, Xyhlo Biofinish-Fassadenverkleidungen regelm\u00e4\u00dfig zu inspizieren und die folgenden Empfehlungen f\u00fcr die Pflege zu befolgen um die Garantiebedingungen zu erf\u00fcllen.[\/vc_column_text]<div  class=\"divider\"><\/div>[vc_column_text]\n<h2>1. Reinigung<\/h2>\n<p>Schmutzbelag hat keinen oder einen sehr geringen Einfluss auf die Qualit\u00e4t von Xyhlo Biofinish, Verschmutzungen k\u00f6nnen, wenn gew\u00fcnscht mit Wasser abgewaschen werden. Wenn Sie die Fassadenverkleidung reinigen, sollte dies mit einer sehr weichen B\u00fcrste geschehen. Absp\u00fclen unter niedrigem Druck mit einem Gartenschlauch. Verzichten Sie auf den Gebrauch von Hochdruckreinigern und Reinigungsmitteln, diese w\u00fcrden das Xyhlo Biofinish nur besch\u00e4digen. Verhindern Sie Flecken durch Wasserspritzer und sorgen Sie daf\u00fcr dass Regenabwasserrohre das Wasser von den Xyhlo Biofinish-Paneelen abf\u00fchren.<\/p>\n<h2>2. Sichtbarwerdung des Holzes<\/h2>\n<p>Obwohl Xyhlo Biofinish ein sehr langlebiges Produkt ist, ist es m\u00f6glich, dass durch Unachtsamkeit oder andere Faktoren, ein Riss, Splitter, oder Bruch Kratzer im Xyhlo Biofinish entstehen. Dadurch wird das unterliegende Holz sichtbar. Das kann dazu f\u00fchren, dass Feuchtigkeit in das Holz eindringt und so ein verminderter Schutz des Xyhlo Biofinish entsteht. Bei kleineren Besch\u00e4digungen regeneriert sich Xyhlo Biofinish auf nat\u00fcrlichem Wege. Gro\u00dfe Besch\u00e4digungen oder gro\u00dffl\u00e4chig sichtbare Holzstellen sollten mit Xyhlo Biofinish nachbearbeitet werden. Zus\u00e4tzliches Xyhlo Biofinish kann bei Ihrem Lieferanten bestellt werden. Das Bearbeiten sollte sorgf\u00e4ltig erfolgen, im Idealfall mit einem geeigneten Pinsel oder Farbroller. Wenn das neue Xyhlo Biofinish auf die vorhandene Oberfl\u00e4che aufgetragen wird, kann dies kurzfristig zu einem Farbunterschied f\u00fchren. Im Normalfall verschwindet dieser nach einiger Zeit.<\/p>\n<h2>3. Nat\u00fcrliche Holzeigenschaften<\/h2>\n<p>Xyhlo Biofinish wird auf den nat\u00fcrlichen Werkstoff Holz aufgetragen, der eine gro\u00dfe Variabilit\u00e4t an Eigenschaften besitzt. Die Homogenit\u00e4t von z.B. Holzoberfl\u00e4chen kann daher nicht garantiert werden. W\u00e4hrend der Produktion versuchen wir die Unterschiede der nat\u00fcrlichen Holzeigenschaften so gut es geht zu kompensieren. Diese Varianz ist bei allen Holzarten vorhanden, aber hat aber in der Regel keinen gravierenden Einfluss auf die funktionellen Eigenschaften der Fassadenverkleidung. Unter bestimmten Bedingungen kann es jedoch aus \u00e4sthetischen Gr\u00fcnden sinnvoll sein abweichende Oberfl\u00e4chen nach zu bearbeiten.<\/p>\n<p>Austreten von Lein\u00f6l: W\u00e4hrend der Behandlung mit Xyhlo Biofinish wird versucht die Menge von impr\u00e4gniertem Lein\u00f6l im Holz so zu dosieren, dass eventuelles \u00d6lausschwitzen minimiert wird und trotzdem genug \u00d6l f\u00fcr Xyhlo Biofinish vorhanden ist. Es kann allerdings am Anfang, gerade in den warmen Sommermonaten, zu einem geringen Austritt von Lein\u00f6l kommen. Dies hat allerdings keinen Einfluss auf die Qualit\u00e4t des Xyhlo Biofinish. Austritt von Lein\u00f6l f\u00e4llt nicht unter die Garantie.<\/p>\n<p>\u00c4ste und Abweichungen: W\u00e4hrend der Produktion von Xyhlo Biofinish wird versucht auffallende Holzfehler auszusortieren. Allerdings ist es nicht immer m\u00f6glich \u00c4ste und Abweichungen zu vermeiden, da diese zu den Materialeigenschaften von Holz geh\u00f6ren.<\/p>\n<h2>4. Reparaturen und Pflege<\/h2>\n<p>W\u00e4hrend der Gebrauchsdauer ist es die Verantwortung des Endverbrauchers eventuell gr\u00f6\u00dfere Kratzer und \/ oder Besch\u00e4digungen direkt nach dem Konstatieren mit zwei Lagen Xyhlo Biofinish zu behandeln. Au\u00dferdem sollte die Fassadenverkleidung, wenn n\u00f6tig, einmal nach 7 Jahren und dann evtl. in k\u00fcrzeren Intervallen mit Lein\u00f6l nachbehandelt werden, zum ersten Mal im siebten Jahr nach der Lieferung. [\/vc_column_text][\/vc_column][\/vc_row]\n","protected":false},"excerpt":{"rendered":"<p>[vc_row type=&#8220;in_container&#8220; scene_position=&#8220;center&#8220; text_color=&#8220;dark&#8220; text_align=&#8220;left&#8220; overlay_strength=&#8220;0.3&#8243;][vc_column column_padding=&#8220;no-extra-padding&#8220; column_padding_position=&#8220;all&#8220; background_color_opacity=&#8220;1&#8243; background_hover_color_opacity=&#8220;1&#8243; width=&#8220;1\/1&#8243;][vc_column_text] Pflegeempfehlung f\u00fcr Xyhlo Biofinish [\/vc_column_text][vc_column_text el_class=&#8220;text-intro&#8220;]W\u00e4hrend der Gebrauchsdauer kann Xyhlo Biofinish sich, wie andere Holzbehandlungen auch, in Abh\u00e4ngigkeit der&#8230;<\/p>\n","protected":false},"author":2,"featured_media":0,"parent":1197,"menu_order":1,"comment_status":"closed","ping_status":"closed","template":"","meta":{"content-type":"","footnotes":""},"class_list":["post-1311","page","type-page","status-publish","hentry"],"yoast_head":"<!-- This site is optimized with the Yoast SEO plugin v24.1 - https:\/\/yoast.com\/wordpress\/plugins\/seo\/ -->\n<title>Pflegeempfehlung Xyhlo Biofinish<\/title>\n<meta name=\"robots\" content=\"index, follow, max-snippet:-1, max-image-preview:large, max-video-preview:-1\" \/>\n<link rel=\"canonical\" href=\"https:\/\/www.xyhlo.com\/de\/anwendungen-biofinish\/pflegeempfehlung\/\" \/>\n<meta property=\"og:locale\" content=\"de_DE\" \/>\n<meta property=\"og:type\" content=\"article\" \/>\n<meta property=\"og:title\" content=\"Pflegeempfehlung Xyhlo Biofinish\" \/>\n<meta property=\"og:description\" content=\"[vc_row type=&#8220;in_container&#8220; scene_position=&#8220;center&#8220; text_color=&#8220;dark&#8220; text_align=&#8220;left&#8220; overlay_strength=&#8220;0.3&#8243;][vc_column column_padding=&#8220;no-extra-padding&#8220; column_padding_position=&#8220;all&#8220; background_color_opacity=&#8220;1&#8243; background_hover_color_opacity=&#8220;1&#8243; width=&#8220;1\/1&#8243;][vc_column_text] Pflegeempfehlung f\u00fcr Xyhlo Biofinish [\/vc_column_text][vc_column_text el_class=&#8220;text-intro&#8220;]W\u00e4hrend der Gebrauchsdauer kann Xyhlo Biofinish sich, wie andere Holzbehandlungen auch, in Abh\u00e4ngigkeit der...\" \/>\n<meta property=\"og:url\" content=\"https:\/\/www.xyhlo.com\/de\/anwendungen-biofinish\/pflegeempfehlung\/\" \/>\n<meta property=\"og:site_name\" content=\"Xyhlo Biofinish\" \/>\n<meta property=\"article:publisher\" content=\"https:\/\/www.facebook.com\/Xyhlo\" \/>\n<meta property=\"article:modified_time\" content=\"2016-09-28T11:52:51+00:00\" \/>\n<meta name=\"twitter:card\" content=\"summary_large_image\" \/>\n<meta name=\"twitter:label1\" content=\"Gesch\u00e4tzte Lesezeit\" \/>\n\t<meta name=\"twitter:data1\" content=\"3 Minuten\" \/>\n<script type=\"application\/ld+json\" class=\"yoast-schema-graph\">{\"@context\":\"https:\/\/schema.org\",\"@graph\":[{\"@type\":\"WebPage\",\"@id\":\"https:\/\/www.xyhlo.com\/de\/anwendungen-biofinish\/pflegeempfehlung\/\",\"url\":\"https:\/\/www.xyhlo.com\/de\/anwendungen-biofinish\/pflegeempfehlung\/\",\"name\":\"Pflegeempfehlung Xyhlo Biofinish\",\"isPartOf\":{\"@id\":\"https:\/\/www.xyhlo.com\/#website\"},\"datePublished\":\"2016-08-20T17:32:00+00:00\",\"dateModified\":\"2016-09-28T11:52:51+00:00\",\"breadcrumb\":{\"@id\":\"https:\/\/www.xyhlo.com\/de\/anwendungen-biofinish\/pflegeempfehlung\/#breadcrumb\"},\"inLanguage\":\"de-DE\",\"potentialAction\":[{\"@type\":\"ReadAction\",\"target\":[\"https:\/\/www.xyhlo.com\/de\/anwendungen-biofinish\/pflegeempfehlung\/\"]}]},{\"@type\":\"BreadcrumbList\",\"@id\":\"https:\/\/www.xyhlo.com\/de\/anwendungen-biofinish\/pflegeempfehlung\/#breadcrumb\",\"itemListElement\":[{\"@type\":\"ListItem\",\"position\":1,\"name\":\"Home\",\"item\":\"https:\/\/www.xyhlo.com\/de\/\"},{\"@type\":\"ListItem\",\"position\":2,\"name\":\"Anwendungen von Xyhlo Biofinish\",\"item\":\"https:\/\/www.xyhlo.com\/de\/anwendungen-biofinish\/\"},{\"@type\":\"ListItem\",\"position\":3,\"name\":\"Pflegeempfehlung\"}]},{\"@type\":\"WebSite\",\"@id\":\"https:\/\/www.xyhlo.com\/#website\",\"url\":\"https:\/\/www.xyhlo.com\/\",\"name\":\"Xyhlo Biofinish\",\"description\":\"De eerste echt duurzame en 100% natuurlijke houtcoating\",\"publisher\":{\"@id\":\"https:\/\/www.xyhlo.com\/#organization\"},\"potentialAction\":[{\"@type\":\"SearchAction\",\"target\":{\"@type\":\"EntryPoint\",\"urlTemplate\":\"https:\/\/www.xyhlo.com\/?s={search_term_string}\"},\"query-input\":{\"@type\":\"PropertyValueSpecification\",\"valueRequired\":true,\"valueName\":\"search_term_string\"}}],\"inLanguage\":\"de-DE\"},{\"@type\":\"Organization\",\"@id\":\"https:\/\/www.xyhlo.com\/#organization\",\"name\":\"Xyhlo biofinish\",\"url\":\"https:\/\/www.xyhlo.com\/\",\"logo\":{\"@type\":\"ImageObject\",\"inLanguage\":\"de-DE\",\"@id\":\"https:\/\/www.xyhlo.com\/#\/schema\/logo\/image\/\",\"url\":\"https:\/\/www.xyhlo.com\/wp-content\/uploads\/xyhlo-mail-1.png\",\"contentUrl\":\"https:\/\/www.xyhlo.com\/wp-content\/uploads\/xyhlo-mail-1.png\",\"width\":352,\"height\":124,\"caption\":\"Xyhlo biofinish\"},\"image\":{\"@id\":\"https:\/\/www.xyhlo.com\/#\/schema\/logo\/image\/\"},\"sameAs\":[\"https:\/\/www.facebook.com\/Xyhlo\"]}]}<\/script>\n<!-- \/ Yoast SEO plugin. -->","yoast_head_json":{"title":"Pflegeempfehlung Xyhlo Biofinish","robots":{"index":"index","follow":"follow","max-snippet":"max-snippet:-1","max-image-preview":"max-image-preview:large","max-video-preview":"max-video-preview:-1"},"canonical":"https:\/\/www.xyhlo.com\/de\/anwendungen-biofinish\/pflegeempfehlung\/","og_locale":"de_DE","og_type":"article","og_title":"Pflegeempfehlung Xyhlo Biofinish","og_description":"[vc_row type=&#8220;in_container&#8220; scene_position=&#8220;center&#8220; text_color=&#8220;dark&#8220; text_align=&#8220;left&#8220; overlay_strength=&#8220;0.3&#8243;][vc_column column_padding=&#8220;no-extra-padding&#8220; column_padding_position=&#8220;all&#8220; background_color_opacity=&#8220;1&#8243; background_hover_color_opacity=&#8220;1&#8243; width=&#8220;1\/1&#8243;][vc_column_text] Pflegeempfehlung f\u00fcr Xyhlo Biofinish [\/vc_column_text][vc_column_text el_class=&#8220;text-intro&#8220;]W\u00e4hrend der Gebrauchsdauer kann Xyhlo Biofinish sich, wie andere Holzbehandlungen auch, in Abh\u00e4ngigkeit der...","og_url":"https:\/\/www.xyhlo.com\/de\/anwendungen-biofinish\/pflegeempfehlung\/","og_site_name":"Xyhlo Biofinish","article_publisher":"https:\/\/www.facebook.com\/Xyhlo","article_modified_time":"2016-09-28T11:52:51+00:00","twitter_card":"summary_large_image","twitter_misc":{"Gesch\u00e4tzte Lesezeit":"3 Minuten"},"schema":{"@context":"https:\/\/schema.org","@graph":[{"@type":"WebPage","@id":"https:\/\/www.xyhlo.com\/de\/anwendungen-biofinish\/pflegeempfehlung\/","url":"https:\/\/www.xyhlo.com\/de\/anwendungen-biofinish\/pflegeempfehlung\/","name":"Pflegeempfehlung Xyhlo Biofinish","isPartOf":{"@id":"https:\/\/www.xyhlo.com\/#website"},"datePublished":"2016-08-20T17:32:00+00:00","dateModified":"2016-09-28T11:52:51+00:00","breadcrumb":{"@id":"https:\/\/www.xyhlo.com\/de\/anwendungen-biofinish\/pflegeempfehlung\/#breadcrumb"},"inLanguage":"de-DE","potentialAction":[{"@type":"ReadAction","target":["https:\/\/www.xyhlo.com\/de\/anwendungen-biofinish\/pflegeempfehlung\/"]}]},{"@type":"BreadcrumbList","@id":"https:\/\/www.xyhlo.com\/de\/anwendungen-biofinish\/pflegeempfehlung\/#breadcrumb","itemListElement":[{"@type":"ListItem","position":1,"name":"Home","item":"https:\/\/www.xyhlo.com\/de\/"},{"@type":"ListItem","position":2,"name":"Anwendungen von Xyhlo Biofinish","item":"https:\/\/www.xyhlo.com\/de\/anwendungen-biofinish\/"},{"@type":"ListItem","position":3,"name":"Pflegeempfehlung"}]},{"@type":"WebSite","@id":"https:\/\/www.xyhlo.com\/#website","url":"https:\/\/www.xyhlo.com\/","name":"Xyhlo Biofinish","description":"De eerste echt duurzame en 100% natuurlijke houtcoating","publisher":{"@id":"https:\/\/www.xyhlo.com\/#organization"},"potentialAction":[{"@type":"SearchAction","target":{"@type":"EntryPoint","urlTemplate":"https:\/\/www.xyhlo.com\/?s={search_term_string}"},"query-input":{"@type":"PropertyValueSpecification","valueRequired":true,"valueName":"search_term_string"}}],"inLanguage":"de-DE"},{"@type":"Organization","@id":"https:\/\/www.xyhlo.com\/#organization","name":"Xyhlo biofinish","url":"https:\/\/www.xyhlo.com\/","logo":{"@type":"ImageObject","inLanguage":"de-DE","@id":"https:\/\/www.xyhlo.com\/#\/schema\/logo\/image\/","url":"https:\/\/www.xyhlo.com\/wp-content\/uploads\/xyhlo-mail-1.png","contentUrl":"https:\/\/www.xyhlo.com\/wp-content\/uploads\/xyhlo-mail-1.png","width":352,"height":124,"caption":"Xyhlo biofinish"},"image":{"@id":"https:\/\/www.xyhlo.com\/#\/schema\/logo\/image\/"},"sameAs":["https:\/\/www.facebook.com\/Xyhlo"]}]}},"_links":{"self":[{"href":"https:\/\/www.xyhlo.com\/de\/wp-json\/wp\/v2\/pages\/1311","targetHints":{"allow":["GET"]}}],"collection":[{"href":"https:\/\/www.xyhlo.com\/de\/wp-json\/wp\/v2\/pages"}],"about":[{"href":"https:\/\/www.xyhlo.com\/de\/wp-json\/wp\/v2\/types\/page"}],"author":[{"embeddable":true,"href":"https:\/\/www.xyhlo.com\/de\/wp-json\/wp\/v2\/users\/2"}],"replies":[{"embeddable":true,"href":"https:\/\/www.xyhlo.com\/de\/wp-json\/wp\/v2\/comments?post=1311"}],"version-history":[{"count":4,"href":"https:\/\/www.xyhlo.com\/de\/wp-json\/wp\/v2\/pages\/1311\/revisions"}],"predecessor-version":[{"id":1483,"href":"https:\/\/www.xyhlo.com\/de\/wp-json\/wp\/v2\/pages\/1311\/revisions\/1483"}],"up":[{"embeddable":true,"href":"https:\/\/www.xyhlo.com\/de\/wp-json\/wp\/v2\/pages\/1197"}],"wp:attachment":[{"href":"https:\/\/www.xyhlo.com\/de\/wp-json\/wp\/v2\/media?parent=1311"}],"curies":[{"name":"wp","href":"https:\/\/api.w.org\/{rel}","templated":true}]}}