{"id":1301,"date":"2016-06-22T13:22:26","date_gmt":"2016-06-22T11:22:26","guid":{"rendered":"http:\/\/www.xyhlo.de\/downloads\/"},"modified":"2016-09-27T12:32:01","modified_gmt":"2016-09-27T10:32:01","slug":"downloads","status":"publish","type":"page","link":"https:\/\/www.xyhlo.com\/de\/downloads\/","title":{"rendered":"Downloads"},"content":{"rendered":"[vc_row type=&#8220;in_container&#8220; scene_position=&#8220;center&#8220; text_color=&#8220;dark&#8220; text_align=&#8220;left&#8220; overlay_strength=&#8220;0.3&#8243;][vc_column column_padding=&#8220;no-extra-padding&#8220; column_padding_position=&#8220;all&#8220; background_color_opacity=&#8220;1&#8243; background_hover_color_opacity=&#8220;1&#8243; width=&#8220;1\/1&#8243;][vc_column_text]\n<h1>Downloads Xyhlo biofinish<\/h1>\n[\/vc_column_text][vc_column_text el_class=&#8220;text-intro&#8220;]Hier finden Sie verschiedene Dokumente, Publikationen und zus\u00e4tzliche Artikel aus u.a. dem Bereich Forschung. Alle haben Bezug zu Xyhlo Biofinish. \u00d6ffnen Sie die Dokumente indem Sie diese anklicken oder downloaden \u00fcber den Download-Button.[\/vc_column_text]<div  class=\"divider\"><\/div>[\/vc_column][\/vc_row][vc_row type=&#8220;in_container&#8220; scene_position=&#8220;center&#8220; text_color=&#8220;dark&#8220; text_align=&#8220;left&#8220; top_padding=&#8220;30&#8243; bottom_padding=&#8220;30&#8243; id=&#8220;quick-2-column&#8220; overlay_strength=&#8220;0.3&#8243;][vc_column column_padding=&#8220;no-extra-padding&#8220; column_padding_position=&#8220;all&#8220; background_color_opacity=&#8220;1&#8243; background_hover_color_opacity=&#8220;1&#8243; el_class=&#8220;grey-text-block&#8220; width=&#8220;1\/4&#8243;][vc_column_text css=&#8220;.vc_custom_1471723194501{padding-top: 20px !important;padding-right: 10px !important;padding-bottom: 30px !important;padding-left: 10px !important;background-color: #efefef !important;border-radius: 5px !important;}&#8220;]\n<h3>Applied Sciences<\/h3>\n<p>Quality determination of Aureobasidium cells in the fermentation liquid of a wood protective biofinish.<br \/>\n<a href=\"http:\/\/www.xyhlo.com\/wp-content\/uploads\/Poster-IRG47-v3MS-sr-2.pdf\" target=\"_blank\"><img loading=\"lazy\" decoding=\"async\" class=\"aligncenter wp-image-834 size-thumbnail\" src=\"http:\/\/www.xyhlo.com\/wp-content\/uploads\/Poster-IRG47-v3MS-sr-2-1.jpg\" alt=\"Saxion, University of Applied Sciences\" width=\"150\" height=\"150\" \/><\/a>[\/vc_column_text][vc_column_text css=&#8220;.vc_custom_1471861090248{margin-top: 0px !important;}&#8220;]<a class=\"nectar-button medium accent-color regular-button\" target=\"_blank\" href=\"http:\/\/www.xyhlo.com\/wp-content\/uploads\/Poster-IRG47-v3MS-sr-2.pdf\" data-color-override=\"false\" data-hover-color-override=\"false\" data-hover-text-color-override=\"#fff\"><span>Download hier<\/span> <\/a>[\/vc_column_text][\/vc_column][vc_column column_padding=&#8220;no-extra-padding&#8220; column_padding_position=&#8220;all&#8220; background_color_opacity=&#8220;1&#8243; background_hover_color_opacity=&#8220;1&#8243; el_class=&#8220;grey-text-block&#8220; width=&#8220;1\/4&#8243;][vc_column_text css=&#8220;.vc_custom_1474972017508{padding-top: 20px !important;padding-right: 10px !important;padding-bottom: 30px !important;padding-left: 10px !important;background-color: #efefef !important;border-radius: 5px !important;}&#8220;]\n<h3>Materia<\/h3>\n<p>Xyhlo Biofinish gibt es auch auf der <a href=\"http:\/\/materia.nl\/material\/xyhlo\/\" target=\"_blank\">Webseite von Materia<\/a>, &#8218;the global network in the area of innovative materials&#8216;.<br \/>\n<a href=\"http:\/\/materia.nl\/material\/xyhlo\/\" target=\"_blank\"><img loading=\"lazy\" decoding=\"async\" class=\"aligncenter wp-image-834 size-thumbnail\" src=\"http:\/\/www.xyhlo.com\/wp-content\/uploads\/Materia-1.jpg\" alt=\"Materia\" width=\"150\" height=\"150\" \/><\/a>[\/vc_column_text][vc_column_text css=&#8220;.vc_custom_1472383120808{margin-top: 0px !important;}&#8220;]<a class=\"nectar-button medium accent-color regular-button\" target=\"_blank\" href=\"http:\/\/materia.nl\/material\/xyhlo\/\" data-color-override=\"false\" data-hover-color-override=\"false\" data-hover-text-color-override=\"#fff\"><span>Webseite Materia<\/span> <\/a>[\/vc_column_text][\/vc_column][vc_column column_padding=&#8220;no-extra-padding&#8220; column_padding_position=&#8220;all&#8220; background_color_opacity=&#8220;1&#8243; background_hover_color_opacity=&#8220;1&#8243; el_class=&#8220;grey-text-block&#8220; width=&#8220;1\/4&#8243;][vc_column_text css=&#8220;.vc_custom_1474972059042{padding-top: 20px !important;padding-right: 10px !important;padding-bottom: 30px !important;padding-left: 10px !important;background-color: #efefef !important;border-radius: 5px !important;}&#8220;]\n<h3>Xyhlo in &#8218;De Stentor&#8216;<\/h3>\n<p>Artikel &#8218;<a href=\"http:\/\/www.xyhlo.com\/wp-content\/uploads\/Xyhlo-in-Stentor-29-juni-2016.pdf\" target=\"_blank\">Schimmel beschermt hout juist<\/a>&#8218; \u00fcber Xyhlo Biofinish in der Zeitung &#8218;De Stentor&#8216;. Ausgabe vom 29 juni 2016.<br \/>\n<a href=\"http:\/\/www.xyhlo.com\/wp-content\/uploads\/Xyhlo-in-Stentor-29-juni-2016.pdf\" target=\"_blank\"><img loading=\"lazy\" decoding=\"async\" class=\"aligncenter wp-image-834 size-thumbnail\" src=\"http:\/\/www.xyhlo.com\/wp-content\/uploads\/Xyhlo-biofinish-in-Stentor.jpg\" alt=\"Xyhlo Biofinish in De Stentor\" width=\"150\" height=\"150\" \/><\/a>[\/vc_column_text][vc_column_text css=&#8220;.vc_custom_1472383345060{margin-top: 0px !important;}&#8220;]<a class=\"nectar-button small accent-color regular-button\"  href=\"http:\/\/www.xyhlo.com\/wp-content\/uploads\/Xyhlo-in-Stentor-29-juni-2016.pdf\" data-color-override=\"false\" data-hover-color-override=\"false\" data-hover-text-color-override=\"#fff\"><span>Download hier<\/span> <\/a>[\/vc_column_text][\/vc_column][vc_column column_padding=&#8220;no-extra-padding&#8220; column_padding_position=&#8220;all&#8220; background_color_opacity=&#8220;1&#8243; background_hover_color_opacity=&#8220;1&#8243; el_class=&#8220;grey-text-block&#8220; width=&#8220;1\/4&#8243;][vc_column_text css=&#8220;.vc_custom_1474972093658{padding-top: 20px !important;padding-right: 10px !important;padding-bottom: 30px !important;padding-left: 10px !important;background-color: #efefef !important;border-radius: 5px !important;}&#8220;]\n<h3>Grow2build.eu<\/h3>\n<p>Artikel &#8218;<a href=\"http:\/\/www.xyhlo.com\/wp-content\/uploads\/3.8-004-Regge-Hout-fact-sheet-pilot_def.pdf\" target=\"_blank\">A protective biofilm for wood preservation<\/a>&#8218; \u00fcber Xyhlo Biofinish auf\u00a0Grow2build.eu von Herrn Dr. Michael Sailer.<br \/>\n<a href=\"http:\/\/www.xyhlo.com\/wp-content\/uploads\/3.8-004-Regge-Hout-fact-sheet-pilot_def.pdf\" target=\"_blank\"><img loading=\"lazy\" decoding=\"async\" class=\"aligncenter wp-image-834 size-thumbnail\" src=\"http:\/\/www.xyhlo.com\/wp-content\/uploads\/A-protective-biofilm-for-wood-preservation-1.jpg\" alt=\"A protective biofilm for wood preservation\" width=\"150\" height=\"150\" \/><\/a>[\/vc_column_text][vc_column_text css=&#8220;.vc_custom_1471949498916{margin-top: 0px !important;}&#8220;]<a class=\"nectar-button medium accent-color regular-button\" target=\"_blank\" href=\"http:\/\/www.xyhlo.com\/wp-content\/uploads\/3.8-004-Regge-Hout-fact-sheet-pilot_def.pdf\" data-color-override=\"false\" data-hover-color-override=\"false\" data-hover-text-color-override=\"#fff\"><span>Download hier<\/span> <\/a>[\/vc_column_text][\/vc_column][\/vc_row][vc_row type=&#8220;in_container&#8220; scene_position=&#8220;center&#8220; text_color=&#8220;dark&#8220; text_align=&#8220;left&#8220; top_padding=&#8220;30&#8243; bottom_padding=&#8220;30&#8243; id=&#8220;quick-2-column&#8220; overlay_strength=&#8220;0.3&#8243;][vc_column column_padding=&#8220;no-extra-padding&#8220; column_padding_position=&#8220;all&#8220; background_color_opacity=&#8220;1&#8243; background_hover_color_opacity=&#8220;1&#8243; el_class=&#8220;grey-text-block&#8220; width=&#8220;1\/4&#8243;][vc_column_text css=&#8220;.vc_custom_1474972182243{padding-top: 20px !important;padding-right: 10px !important;padding-bottom: 30px !important;padding-left: 10px !important;background-color: #efefef !important;border-radius: 5px !important;}&#8220;]\n<h3>Artikel Quest<\/h3>\n<p>Artikel &#8218;Schimmel redt hout&#8216; \u00fcber die Entwicklung von Xyhlo Biofinish im Wissenschaftsmagazin \u00b4<a href=\"http:\/\/www.xyhlo.com\/wp-content\/uploads\/Artikel-Quest-Schimmel-redt-hout-2014.pdf\" target=\"_blank\">Quest<\/a>\u00b4. Ausgabe Mai 2014.<br \/>\n<a href=\"http:\/\/www.xyhlo.com\/wp-content\/uploads\/Artikel-Quest-Schimmel-redt-hout-2014.pdf\" target=\"_blank\"><img loading=\"lazy\" decoding=\"async\" class=\"aligncenter wp-image-834 size-thumbnail\" src=\"http:\/\/www.xyhlo.com\/wp-content\/uploads\/Artikel-Quest-mei-2014-1.jpg\" alt=\"Artikel Quest Mai 2014\" width=\"150\" height=\"150\" \/><\/a>[\/vc_column_text][vc_column_text css=&#8220;.vc_custom_1471949535850{margin-top: 0px !important;}&#8220;]<a class=\"nectar-button medium accent-color regular-button\" target=\"_blank\" href=\"http:\/\/www.xyhlo.com\/wp-content\/uploads\/Artikel-Quest-Schimmel-redt-hout-2014.pdf\" data-color-override=\"false\" data-hover-color-override=\"false\" data-hover-text-color-override=\"#fff\"><span>Download hier<\/span> <\/a>[\/vc_column_text][\/vc_column][vc_column column_padding=&#8220;no-extra-padding&#8220; column_padding_position=&#8220;all&#8220; background_color_opacity=&#8220;1&#8243; background_hover_color_opacity=&#8220;1&#8243; el_class=&#8220;grey-text-block&#8220; width=&#8220;1\/4&#8243;][vc_column_text css=&#8220;.vc_custom_1474972229557{padding-top: 20px !important;padding-right: 10px !important;padding-bottom: 30px !important;padding-left: 10px !important;background-color: #efefef !important;border-radius: 5px !important;}&#8220;]\n<h3>Biofilm on wood<\/h3>\n<p><a href=\"http:\/\/www.xyhlo.com\/wp-content\/uploads\/Forming-of-a-functional-biofilm-on-wood-surfaces-Ecological-Engineering.pdf\" target=\"_blank\">&#8218;Forming of a functional biofilm on wood surfaces- Ecological Engineering&#8216;<\/a>. Sailer et al. 2009.<br \/>\n<a href=\"http:\/\/www.xyhlo.com\/wp-content\/uploads\/Forming-of-a-functional-biofilm-on-wood-surfaces-Ecological-Engineering.pdf\" target=\"_blank\"><img loading=\"lazy\" decoding=\"async\" class=\"aligncenter wp-image-840 size-thumbnail\" src=\"http:\/\/www.xyhlo.com\/wp-content\/uploads\/Forming-of-a-functional-biofilm-on-wood-surfaces-1.jpg\" alt=\"Forming of a functional biofilm on wood surfaces\" width=\"150\" height=\"150\" \/><\/a>[\/vc_column_text][vc_column_text css=&#8220;.vc_custom_1471949542450{margin-top: 0px !important;}&#8220;]<a class=\"nectar-button medium accent-color regular-button\" target=\"_blank\" href=\"http:\/\/www.xyhlo.com\/wp-content\/uploads\/Forming-of-a-functional-biofilm-on-wood-surfaces-Ecological-Engineering.pdf\" data-color-override=\"false\" data-hover-color-override=\"false\" data-hover-text-color-override=\"#fff\"><span>Download hier<\/span> <\/a>[\/vc_column_text][\/vc_column][vc_column column_padding=&#8220;no-extra-padding&#8220; column_padding_position=&#8220;all&#8220; background_color_opacity=&#8220;1&#8243; background_hover_color_opacity=&#8220;1&#8243; el_class=&#8220;grey-text-block&#8220; width=&#8220;1\/4&#8243;][vc_column_text css=&#8220;.vc_custom_1474972259507{padding-top: 20px !important;padding-right: 10px !important;padding-bottom: 30px !important;padding-left: 10px !important;background-color: #efefef !important;border-radius: 5px !important;}&#8220;]\n<h3>De Nieuws BV<\/h3>\n<p>Radio-Beitrag von \u2018De Nieuws BV \u2013 Jan van de straat\u2019 \u00fcber Schimmel und Xyhlo Biofinish.<br \/>\n<a href=\"http:\/\/www.xyhlo.com\/wp-content\/uploads\/14173-Jan_van_de_Straat.mp3\" target=\"_blank\"><img loading=\"lazy\" decoding=\"async\" class=\"aligncenter wp-image-845 size-thumbnail\" src=\"http:\/\/www.xyhlo.com\/wp-content\/uploads\/14173-Jan_van_de_Straat-1.jpg\" alt=\"Jan van de Straat Xyhlo\" width=\"150\" height=\"150\" \/><\/a><\/p>\n<!--[if lt IE 9]><script>document.createElement('audio');<\/script><![endif]-->\n<audio class=\"wp-audio-shortcode\" id=\"audio-1301-1\" preload=\"none\" style=\"width: 100%;\" controls=\"controls\"><source type=\"audio\/mpeg\" src=\"http:\/\/www.xyhlo.com\/wp-content\/uploads\/14173-Jan_van_de_Straat.mp3?_=1\" \/><a href=\"http:\/\/www.xyhlo.com\/wp-content\/uploads\/14173-Jan_van_de_Straat.mp3\">http:\/\/www.xyhlo.com\/wp-content\/uploads\/14173-Jan_van_de_Straat.mp3<\/a><\/audio>\n[\/vc_column_text][vc_column_text css=&#8220;.vc_custom_1467208992612{margin-top: 0px !important;}&#8220;][\/vc_column_text][\/vc_column][vc_column column_padding=&#8220;no-extra-padding&#8220; column_padding_position=&#8220;all&#8220; background_color_opacity=&#8220;1&#8243; background_hover_color_opacity=&#8220;1&#8243; el_class=&#8220;grey-text-block&#8220; width=&#8220;1\/4&#8243;][vc_column_text css=&#8220;.vc_custom_1474972318705{padding-top: 20px !important;padding-right: 10px !important;padding-bottom: 30px !important;padding-left: 10px !important;background-color: #efefef !important;border-radius: 5px !important;}&#8220;]\n<h3>Artikel in Schildersvakkrant<\/h3>\n<p>Artikel in `Vakmanschap\u00b4 des Magazins <a href=\"http:\/\/www.xyhlo.com\/wp-content\/uploads\/Forming-of-a-functional-biofilm-on-wood-surfaces-Ecological-Engineering.pdf\" target=\"_blank\">Schildersvakkrant <\/a>. Ausgabe August 2016.<br \/>\n<a href=\"http:\/\/www.xyhlo.com\/wp-content\/uploads\/Artikel-Schildersvakkrant-26-augustus-2016.pdf\" target=\"_blank\"><img loading=\"lazy\" decoding=\"async\" class=\"aligncenter wp-image-840 size-thumbnail\" src=\"http:\/\/www.xyhlo.com\/wp-content\/uploads\/Xyhlo-biofinish-in-vakmanschap.jpg\" alt=\"Xyhlo biofinish in Vakmanschap\" width=\"150\" height=\"150\" \/><\/a>[\/vc_column_text][vc_column_text css=&#8220;.vc_custom_1472382214378{margin-top: 0px !important;}&#8220;]<a class=\"nectar-button medium accent-color regular-button\" target=\"_blank\" href=\"http:\/\/www.xyhlo.com\/wp-content\/uploads\/Artikel-Schildersvakkrant-26-augustus-2016.pdf\" data-color-override=\"false\" data-hover-color-override=\"false\" data-hover-text-color-override=\"#fff\"><span>Download hier<\/span> <\/a>[\/vc_column_text][\/vc_column][\/vc_row][vc_row type=&#8220;in_container&#8220; scene_position=&#8220;center&#8220; text_color=&#8220;dark&#8220; text_align=&#8220;left&#8220; overlay_strength=&#8220;0.3&#8243;][vc_column column_padding=&#8220;no-extra-padding&#8220; column_padding_position=&#8220;all&#8220; background_color_opacity=&#8220;1&#8243; background_hover_color_opacity=&#8220;1&#8243; width=&#8220;1\/1&#8243;][vc_column_text el_class=&#8220;cta-block&#8220;]\n<h3 style=\"text-align: center;\">Maak kennis met Xyhlo biofinish<\/h3>\n<p style=\"text-align: center;\">Wilt u kennis maken met Xyhlo biofinish? Lees dan meer over deze unieke natuurlijk bescherming voor hout\u00a0in de woningbouw\u00a0of vraag geheel vrijblijvend een proefstukje zachthout aan dat behandeld is met Xyhlo biofinish<\/p>\n<p style=\"text-align: center;\"><a class=\"nectar-button medium accent-color regular-button\"  href=\"http:\/\/www.xyhlo.com\/bio-finish\/\" data-color-override=\"false\" data-hover-color-override=\"false\" data-hover-text-color-override=\"#fff\"><span>Meer over Xyhlo biofinish<\/span> <\/a>\u00a0\u00a0\u00a0\u00a0<a class=\"nectar-button medium accent-color regular-button\"  href=\"http:\/\/www.xyhlo.com\/proefstukje-aanvragen\/\" data-color-override=\"false\" data-hover-color-override=\"false\" data-hover-text-color-override=\"#fff\"><span>Proefstukje aanvragen<\/span> <\/a>\n[\/vc_column_text][\/vc_column][\/vc_row]\n","protected":false},"excerpt":{"rendered":"<p>[vc_row type=&#8220;in_container&#8220; scene_position=&#8220;center&#8220; text_color=&#8220;dark&#8220; text_align=&#8220;left&#8220; overlay_strength=&#8220;0.3&#8243;][vc_column column_padding=&#8220;no-extra-padding&#8220; column_padding_position=&#8220;all&#8220; background_color_opacity=&#8220;1&#8243; background_hover_color_opacity=&#8220;1&#8243; width=&#8220;1\/1&#8243;][vc_column_text] Downloads Xyhlo biofinish [\/vc_column_text][vc_column_text el_class=&#8220;text-intro&#8220;]Hier finden Sie verschiedene Dokumente, Publikationen und zus\u00e4tzliche Artikel aus u.a. dem Bereich Forschung. Alle&#8230;<\/p>\n","protected":false},"author":2,"featured_media":0,"parent":0,"menu_order":1,"comment_status":"closed","ping_status":"closed","template":"","meta":{"content-type":"","footnotes":""},"class_list":["post-1301","page","type-page","status-publish","hentry"],"yoast_head":"<!-- This site is optimized with the Yoast SEO plugin v24.1 - https:\/\/yoast.com\/wordpress\/plugins\/seo\/ -->\n<title>Xyhlo biofinish downloadpagina<\/title>\n<meta name=\"description\" content=\"Bekijk hier alle documenten en verwijzingen met betrekking tot het duurzame en milieuvriendelijke Xyhlo biofinish en download deze direct\" \/>\n<meta name=\"robots\" content=\"index, follow, max-snippet:-1, max-image-preview:large, max-video-preview:-1\" \/>\n<link rel=\"canonical\" href=\"https:\/\/www.xyhlo.com\/de\/downloads\/\" \/>\n<meta property=\"og:locale\" content=\"de_DE\" \/>\n<meta property=\"og:type\" content=\"article\" \/>\n<meta property=\"og:title\" content=\"Xyhlo biofinish downloadpagina\" \/>\n<meta property=\"og:description\" content=\"Bekijk hier alle documenten en verwijzingen met betrekking tot het duurzame en milieuvriendelijke Xyhlo biofinish en download deze direct\" \/>\n<meta property=\"og:url\" content=\"https:\/\/www.xyhlo.com\/de\/downloads\/\" \/>\n<meta property=\"og:site_name\" content=\"Xyhlo Biofinish\" \/>\n<meta property=\"article:publisher\" content=\"https:\/\/www.facebook.com\/Xyhlo\" \/>\n<meta property=\"article:modified_time\" content=\"2016-09-27T10:32:01+00:00\" \/>\n<meta property=\"og:image\" content=\"https:\/\/www.xyhlo.com\/wp-content\/uploads\/Artikel-Quest-mei-2014.jpg\" \/>\n\t<meta property=\"og:image:width\" content=\"244\" \/>\n\t<meta property=\"og:image:height\" content=\"230\" \/>\n\t<meta property=\"og:image:type\" content=\"image\/jpeg\" \/>\n<meta name=\"twitter:card\" content=\"summary_large_image\" \/>\n<meta name=\"twitter:label1\" content=\"Gesch\u00e4tzte Lesezeit\" \/>\n\t<meta name=\"twitter:data1\" content=\"6 Minuten\" \/>\n<script type=\"application\/ld+json\" class=\"yoast-schema-graph\">{\"@context\":\"https:\/\/schema.org\",\"@graph\":[{\"@type\":\"WebPage\",\"@id\":\"https:\/\/www.xyhlo.com\/de\/downloads\/\",\"url\":\"https:\/\/www.xyhlo.com\/de\/downloads\/\",\"name\":\"Xyhlo biofinish downloadpagina\",\"isPartOf\":{\"@id\":\"https:\/\/www.xyhlo.com\/#website\"},\"primaryImageOfPage\":{\"@id\":\"https:\/\/www.xyhlo.com\/de\/downloads\/#primaryimage\"},\"image\":{\"@id\":\"https:\/\/www.xyhlo.com\/de\/downloads\/#primaryimage\"},\"thumbnailUrl\":\"http:\/\/www.xyhlo.com\/wp-content\/uploads\/Poster-IRG47-v3MS-sr-2-1.jpg\",\"datePublished\":\"2016-06-22T11:22:26+00:00\",\"dateModified\":\"2016-09-27T10:32:01+00:00\",\"description\":\"Bekijk hier alle documenten en verwijzingen met betrekking tot het duurzame en milieuvriendelijke Xyhlo biofinish en download deze direct\",\"breadcrumb\":{\"@id\":\"https:\/\/www.xyhlo.com\/de\/downloads\/#breadcrumb\"},\"inLanguage\":\"de-DE\",\"potentialAction\":[{\"@type\":\"ReadAction\",\"target\":[\"https:\/\/www.xyhlo.com\/de\/downloads\/\"]}]},{\"@type\":\"ImageObject\",\"inLanguage\":\"de-DE\",\"@id\":\"https:\/\/www.xyhlo.com\/de\/downloads\/#primaryimage\",\"url\":\"http:\/\/www.xyhlo.com\/wp-content\/uploads\/Poster-IRG47-v3MS-sr-2-1.jpg\",\"contentUrl\":\"http:\/\/www.xyhlo.com\/wp-content\/uploads\/Poster-IRG47-v3MS-sr-2-1.jpg\"},{\"@type\":\"BreadcrumbList\",\"@id\":\"https:\/\/www.xyhlo.com\/de\/downloads\/#breadcrumb\",\"itemListElement\":[{\"@type\":\"ListItem\",\"position\":1,\"name\":\"Home\",\"item\":\"https:\/\/www.xyhlo.com\/de\/\"},{\"@type\":\"ListItem\",\"position\":2,\"name\":\"Downloads\"}]},{\"@type\":\"WebSite\",\"@id\":\"https:\/\/www.xyhlo.com\/#website\",\"url\":\"https:\/\/www.xyhlo.com\/\",\"name\":\"Xyhlo Biofinish\",\"description\":\"De eerste echt duurzame en 100% natuurlijke houtcoating\",\"publisher\":{\"@id\":\"https:\/\/www.xyhlo.com\/#organization\"},\"potentialAction\":[{\"@type\":\"SearchAction\",\"target\":{\"@type\":\"EntryPoint\",\"urlTemplate\":\"https:\/\/www.xyhlo.com\/?s={search_term_string}\"},\"query-input\":{\"@type\":\"PropertyValueSpecification\",\"valueRequired\":true,\"valueName\":\"search_term_string\"}}],\"inLanguage\":\"de-DE\"},{\"@type\":\"Organization\",\"@id\":\"https:\/\/www.xyhlo.com\/#organization\",\"name\":\"Xyhlo biofinish\",\"url\":\"https:\/\/www.xyhlo.com\/\",\"logo\":{\"@type\":\"ImageObject\",\"inLanguage\":\"de-DE\",\"@id\":\"https:\/\/www.xyhlo.com\/#\/schema\/logo\/image\/\",\"url\":\"https:\/\/www.xyhlo.com\/wp-content\/uploads\/xyhlo-mail-1.png\",\"contentUrl\":\"https:\/\/www.xyhlo.com\/wp-content\/uploads\/xyhlo-mail-1.png\",\"width\":352,\"height\":124,\"caption\":\"Xyhlo biofinish\"},\"image\":{\"@id\":\"https:\/\/www.xyhlo.com\/#\/schema\/logo\/image\/\"},\"sameAs\":[\"https:\/\/www.facebook.com\/Xyhlo\"]}]}<\/script>\n<!-- \/ Yoast SEO plugin. -->","yoast_head_json":{"title":"Xyhlo biofinish downloadpagina","description":"Bekijk hier alle documenten en verwijzingen met betrekking tot het duurzame en milieuvriendelijke Xyhlo biofinish en download deze direct","robots":{"index":"index","follow":"follow","max-snippet":"max-snippet:-1","max-image-preview":"max-image-preview:large","max-video-preview":"max-video-preview:-1"},"canonical":"https:\/\/www.xyhlo.com\/de\/downloads\/","og_locale":"de_DE","og_type":"article","og_title":"Xyhlo biofinish downloadpagina","og_description":"Bekijk hier alle documenten en verwijzingen met betrekking tot het duurzame en milieuvriendelijke Xyhlo biofinish en download deze direct","og_url":"https:\/\/www.xyhlo.com\/de\/downloads\/","og_site_name":"Xyhlo Biofinish","article_publisher":"https:\/\/www.facebook.com\/Xyhlo","article_modified_time":"2016-09-27T10:32:01+00:00","og_image":[{"width":244,"height":230,"url":"https:\/\/www.xyhlo.com\/wp-content\/uploads\/Artikel-Quest-mei-2014.jpg","type":"image\/jpeg"}],"twitter_card":"summary_large_image","twitter_misc":{"Gesch\u00e4tzte Lesezeit":"6 Minuten"},"schema":{"@context":"https:\/\/schema.org","@graph":[{"@type":"WebPage","@id":"https:\/\/www.xyhlo.com\/de\/downloads\/","url":"https:\/\/www.xyhlo.com\/de\/downloads\/","name":"Xyhlo biofinish downloadpagina","isPartOf":{"@id":"https:\/\/www.xyhlo.com\/#website"},"primaryImageOfPage":{"@id":"https:\/\/www.xyhlo.com\/de\/downloads\/#primaryimage"},"image":{"@id":"https:\/\/www.xyhlo.com\/de\/downloads\/#primaryimage"},"thumbnailUrl":"http:\/\/www.xyhlo.com\/wp-content\/uploads\/Poster-IRG47-v3MS-sr-2-1.jpg","datePublished":"2016-06-22T11:22:26+00:00","dateModified":"2016-09-27T10:32:01+00:00","description":"Bekijk hier alle documenten en verwijzingen met betrekking tot het duurzame en milieuvriendelijke Xyhlo biofinish en download deze direct","breadcrumb":{"@id":"https:\/\/www.xyhlo.com\/de\/downloads\/#breadcrumb"},"inLanguage":"de-DE","potentialAction":[{"@type":"ReadAction","target":["https:\/\/www.xyhlo.com\/de\/downloads\/"]}]},{"@type":"ImageObject","inLanguage":"de-DE","@id":"https:\/\/www.xyhlo.com\/de\/downloads\/#primaryimage","url":"http:\/\/www.xyhlo.com\/wp-content\/uploads\/Poster-IRG47-v3MS-sr-2-1.jpg","contentUrl":"http:\/\/www.xyhlo.com\/wp-content\/uploads\/Poster-IRG47-v3MS-sr-2-1.jpg"},{"@type":"BreadcrumbList","@id":"https:\/\/www.xyhlo.com\/de\/downloads\/#breadcrumb","itemListElement":[{"@type":"ListItem","position":1,"name":"Home","item":"https:\/\/www.xyhlo.com\/de\/"},{"@type":"ListItem","position":2,"name":"Downloads"}]},{"@type":"WebSite","@id":"https:\/\/www.xyhlo.com\/#website","url":"https:\/\/www.xyhlo.com\/","name":"Xyhlo Biofinish","description":"De eerste echt duurzame en 100% natuurlijke houtcoating","publisher":{"@id":"https:\/\/www.xyhlo.com\/#organization"},"potentialAction":[{"@type":"SearchAction","target":{"@type":"EntryPoint","urlTemplate":"https:\/\/www.xyhlo.com\/?s={search_term_string}"},"query-input":{"@type":"PropertyValueSpecification","valueRequired":true,"valueName":"search_term_string"}}],"inLanguage":"de-DE"},{"@type":"Organization","@id":"https:\/\/www.xyhlo.com\/#organization","name":"Xyhlo biofinish","url":"https:\/\/www.xyhlo.com\/","logo":{"@type":"ImageObject","inLanguage":"de-DE","@id":"https:\/\/www.xyhlo.com\/#\/schema\/logo\/image\/","url":"https:\/\/www.xyhlo.com\/wp-content\/uploads\/xyhlo-mail-1.png","contentUrl":"https:\/\/www.xyhlo.com\/wp-content\/uploads\/xyhlo-mail-1.png","width":352,"height":124,"caption":"Xyhlo biofinish"},"image":{"@id":"https:\/\/www.xyhlo.com\/#\/schema\/logo\/image\/"},"sameAs":["https:\/\/www.facebook.com\/Xyhlo"]}]}},"_links":{"self":[{"href":"https:\/\/www.xyhlo.com\/de\/wp-json\/wp\/v2\/pages\/1301","targetHints":{"allow":["GET"]}}],"collection":[{"href":"https:\/\/www.xyhlo.com\/de\/wp-json\/wp\/v2\/pages"}],"about":[{"href":"https:\/\/www.xyhlo.com\/de\/wp-json\/wp\/v2\/types\/page"}],"author":[{"embeddable":true,"href":"https:\/\/www.xyhlo.com\/de\/wp-json\/wp\/v2\/users\/2"}],"replies":[{"embeddable":true,"href":"https:\/\/www.xyhlo.com\/de\/wp-json\/wp\/v2\/comments?post=1301"}],"version-history":[{"count":6,"href":"https:\/\/www.xyhlo.com\/de\/wp-json\/wp\/v2\/pages\/1301\/revisions"}],"predecessor-version":[{"id":1450,"href":"https:\/\/www.xyhlo.com\/de\/wp-json\/wp\/v2\/pages\/1301\/revisions\/1450"}],"wp:attachment":[{"href":"https:\/\/www.xyhlo.com\/de\/wp-json\/wp\/v2\/media?parent=1301"}],"curies":[{"name":"wp","href":"https:\/\/api.w.org\/{rel}","templated":true}]}}