{"id":1227,"date":"2016-04-12T15:00:43","date_gmt":"2016-04-12T13:00:43","guid":{"rendered":"http:\/\/www.xyhlo.com\/prijs-biofinish\/?lang=de"},"modified":"2016-09-27T11:37:33","modified_gmt":"2016-09-27T09:37:33","slug":"preise","status":"publish","type":"page","link":"https:\/\/www.xyhlo.com\/de\/preise\/","title":{"rendered":"Preise Xyhlo Biofinish"},"content":{"rendered":"[vc_row type=&#8220;in_container&#8220; scene_position=&#8220;center&#8220; text_color=&#8220;dark&#8220; text_align=&#8220;left&#8220; overlay_strength=&#8220;0.3&#8243;][vc_column column_padding=&#8220;no-extra-padding&#8220; column_padding_position=&#8220;all&#8220; background_color_opacity=&#8220;1&#8243; background_hover_color_opacity=&#8220;1&#8243; width=&#8220;1\/1&#8243;][vc_column_text]\n<h1>Preise f\u00fcr Xyhlo Biofinish<\/h1>\n[\/vc_column_text][vc_column_text el_class=&#8220;text-intro&#8220;]Mit Xyhlo Biofinish behandeltes Holz liegt preislich im selben Segment, wie herk\u00f6mmliches behandeltes Holz. Das gesamte Kostenniveau von z.B. mit Xyhlo Biofinish behandeltem Nadelholz ist nicht signifikant h\u00f6her, als das anderer Materialien wie Hartholz, Holzwerkstoffen, Stein, Kunststoff und Metall. Bezahlbares und umweltfreundliches Bauen nennen wir das bei Xyhlo.[\/vc_column_text][vc_row_inner][vc_column_inner column_padding=&#8220;no-extra-padding&#8220; column_padding_position=&#8220;all&#8220; background_color_opacity=&#8220;1&#8243; width=&#8220;1\/1&#8243;][vc_column_text]\n<h2>Preisniveau von Nadelholz mit Xyhlo Biofinish<\/h2>\n<p>Die kompletten Anschaffungskosten von europ\u00e4ischem Nadelholz behandelt mit Xyhlo Biofinish, sind vergleichbar und in manchen F\u00e4llen sogar auf einem niedrigeren Niveau, als die von weniger umweltfreundlichen Materialien. So betragen z.B. die Anschaffungskosten von h\u00f6lzerner Fassadenverkleidung mit Xyhlo Biofinish zwischen 30 und 50 Euro pro m\u00b2 exkl. Mehrwertsteuer, abh\u00e4ngig von der gew\u00e4hlten Holzsorte und der \u00d6limpr\u00e4gnierung.<\/p>\n<p><a href=\"http:\/\/www.xyhlo.com\/wp-content\/uploads\/Xyhlo-Biofinish-Grafik-Preise-Umwelt-2.jpg\" data-rel=\"lightbox-image-0\" data-rl_title=\"\" data-rl_caption=\"\" title=\"\"><img loading=\"lazy\" decoding=\"async\" class=\"alignleft wp-image-1431\" src=\"http:\/\/www.xyhlo.com\/wp-content\/uploads\/Xyhlo-Biofinish-Grafik-Preise-Umwelt-2-300x192.jpg\" alt=\"xyhlo-biofinish-grafik-preise-umwelt\" width=\"600\" height=\"384\" srcset=\"https:\/\/www.xyhlo.com\/wp-content\/uploads\/Xyhlo-Biofinish-Grafik-Preise-Umwelt-2-300x192.jpg 300w, https:\/\/www.xyhlo.com\/wp-content\/uploads\/Xyhlo-Biofinish-Grafik-Preise-Umwelt-2-375x240.jpg 375w, https:\/\/www.xyhlo.com\/wp-content\/uploads\/Xyhlo-Biofinish-Grafik-Preise-Umwelt-2-600x384.jpg 600w, https:\/\/www.xyhlo.com\/wp-content\/uploads\/Xyhlo-Biofinish-Grafik-Preise-Umwelt-2.jpg 813w\" sizes=\"auto, (max-width: 600px) 100vw, 600px\" \/><\/a><br \/>\nDie Wartungskosten von mit Xyhlo Biofinish behandeltem Holz sind dank des selbstwiederherstellenden Verm\u00f6gens der biologischen Schutzschicht, relativ niedrig. Nach 7 Jahren sollte das Holz mit nat\u00fcrlichem Lein\u00f6l nachbehandelt werden. Dies kann ganz einfach mit einem Farbroller aufgetragen werden.<br \/>\nWir haben speziell f\u00fcr Fassadenverkleidungen einen Preisvergleich mit herk\u00f6mmlichen Produkten gemacht (siehe Grafik).[\/vc_column_text][\/vc_column_inner][\/vc_row_inner][\/vc_column][\/vc_row][vc_row type=&#8220;in_container&#8220; scene_position=&#8220;center&#8220; text_color=&#8220;dark&#8220; text_align=&#8220;left&#8220; overlay_strength=&#8220;0.3&#8243;][vc_column column_padding=&#8220;no-extra-padding&#8220; column_padding_position=&#8220;all&#8220; background_color_opacity=&#8220;1&#8243; background_hover_color_opacity=&#8220;1&#8243; width=&#8220;1\/1&#8243;][vc_column_text el_class=&#8220;cta-block&#8220;]\n<h3 style=\"text-align: center;\">Lernen Sie Xyhlo Biofinish kennen<\/h3>\n<p style=\"text-align: center;\">Wollen Sie das umweltfreundliche und CO2-neutrale Xyhlo Biofinish kennenlernen? Fragen Sie dann unverbindlich nach eine Probe Weichholz das mit Xyhlo Biofinish behandelt wurde und \u00fcberzeugen Sie sich selbst von diesem einzigartigen nat\u00fcrlichen Holzschutz.<\/p>\n<p style=\"text-align: center;\"><a class=\"nectar-button medium accent-color regular-button\"  href=\"http:\/\/www.xyhlo.de\/probe-anfordern\/\" data-color-override=\"false\" data-hover-color-override=\"false\" data-hover-text-color-override=\"#fff\"><span>Probe anfordern<\/span> <\/a>\n[\/vc_column_text][\/vc_column][\/vc_row]\n","protected":false},"excerpt":{"rendered":"<p>[vc_row type=&#8220;in_container&#8220; scene_position=&#8220;center&#8220; text_color=&#8220;dark&#8220; text_align=&#8220;left&#8220; overlay_strength=&#8220;0.3&#8243;][vc_column column_padding=&#8220;no-extra-padding&#8220; column_padding_position=&#8220;all&#8220; background_color_opacity=&#8220;1&#8243; background_hover_color_opacity=&#8220;1&#8243; width=&#8220;1\/1&#8243;][vc_column_text] Preise f\u00fcr Xyhlo Biofinish [\/vc_column_text][vc_column_text el_class=&#8220;text-intro&#8220;]Mit Xyhlo Biofinish behandeltes Holz liegt preislich im selben Segment, wie herk\u00f6mmliches behandeltes Holz&#8230;.<\/p>\n","protected":false},"author":2,"featured_media":0,"parent":0,"menu_order":1,"comment_status":"closed","ping_status":"closed","template":"","meta":{"content-type":"","footnotes":""},"class_list":["post-1227","page","type-page","status-publish","hentry"],"yoast_head":"<!-- This site is optimized with the Yoast SEO plugin v24.1 - https:\/\/yoast.com\/wordpress\/plugins\/seo\/ -->\n<title>Preisniveau von Nadelholz mit Xyhlo Biofinish<\/title>\n<meta name=\"robots\" content=\"index, follow, max-snippet:-1, max-image-preview:large, max-video-preview:-1\" \/>\n<link rel=\"canonical\" href=\"https:\/\/www.xyhlo.com\/de\/preise\/\" \/>\n<meta property=\"og:locale\" content=\"de_DE\" \/>\n<meta property=\"og:type\" content=\"article\" \/>\n<meta property=\"og:title\" content=\"Preisniveau von Nadelholz mit Xyhlo Biofinish\" \/>\n<meta property=\"og:description\" content=\"[vc_row type=&#8220;in_container&#8220; scene_position=&#8220;center&#8220; text_color=&#8220;dark&#8220; text_align=&#8220;left&#8220; overlay_strength=&#8220;0.3&#8243;][vc_column column_padding=&#8220;no-extra-padding&#8220; column_padding_position=&#8220;all&#8220; background_color_opacity=&#8220;1&#8243; background_hover_color_opacity=&#8220;1&#8243; width=&#8220;1\/1&#8243;][vc_column_text] Preise f\u00fcr Xyhlo Biofinish [\/vc_column_text][vc_column_text el_class=&#8220;text-intro&#8220;]Mit Xyhlo Biofinish behandeltes Holz liegt preislich im selben Segment, wie herk\u00f6mmliches behandeltes Holz....\" \/>\n<meta property=\"og:url\" content=\"https:\/\/www.xyhlo.com\/de\/preise\/\" \/>\n<meta property=\"og:site_name\" content=\"Xyhlo Biofinish\" \/>\n<meta property=\"article:publisher\" content=\"https:\/\/www.facebook.com\/Xyhlo\" \/>\n<meta property=\"article:modified_time\" content=\"2016-09-27T09:37:33+00:00\" \/>\n<meta property=\"og:image\" content=\"https:\/\/www.xyhlo.com\/wp-content\/uploads\/Xyhlo-Biofinish-Grafik-Preise-Umwelt-2.jpg\" \/>\n\t<meta property=\"og:image:width\" content=\"813\" \/>\n\t<meta property=\"og:image:height\" content=\"520\" \/>\n\t<meta property=\"og:image:type\" content=\"image\/jpeg\" \/>\n<meta name=\"twitter:card\" content=\"summary_large_image\" \/>\n<meta name=\"twitter:label1\" content=\"Gesch\u00e4tzte Lesezeit\" \/>\n\t<meta name=\"twitter:data1\" content=\"2 Minuten\" \/>\n<script type=\"application\/ld+json\" class=\"yoast-schema-graph\">{\"@context\":\"https:\/\/schema.org\",\"@graph\":[{\"@type\":\"WebPage\",\"@id\":\"https:\/\/www.xyhlo.com\/de\/preise\/\",\"url\":\"https:\/\/www.xyhlo.com\/de\/preise\/\",\"name\":\"Preisniveau von Nadelholz mit Xyhlo Biofinish\",\"isPartOf\":{\"@id\":\"https:\/\/www.xyhlo.com\/#website\"},\"primaryImageOfPage\":{\"@id\":\"https:\/\/www.xyhlo.com\/de\/preise\/#primaryimage\"},\"image\":{\"@id\":\"https:\/\/www.xyhlo.com\/de\/preise\/#primaryimage\"},\"thumbnailUrl\":\"http:\/\/www.xyhlo.com\/wp-content\/uploads\/Xyhlo-Biofinish-Grafik-Preise-Umwelt-2-300x192.jpg\",\"datePublished\":\"2016-04-12T13:00:43+00:00\",\"dateModified\":\"2016-09-27T09:37:33+00:00\",\"breadcrumb\":{\"@id\":\"https:\/\/www.xyhlo.com\/de\/preise\/#breadcrumb\"},\"inLanguage\":\"de-DE\",\"potentialAction\":[{\"@type\":\"ReadAction\",\"target\":[\"https:\/\/www.xyhlo.com\/de\/preise\/\"]}]},{\"@type\":\"ImageObject\",\"inLanguage\":\"de-DE\",\"@id\":\"https:\/\/www.xyhlo.com\/de\/preise\/#primaryimage\",\"url\":\"http:\/\/www.xyhlo.com\/wp-content\/uploads\/Xyhlo-Biofinish-Grafik-Preise-Umwelt-2-300x192.jpg\",\"contentUrl\":\"http:\/\/www.xyhlo.com\/wp-content\/uploads\/Xyhlo-Biofinish-Grafik-Preise-Umwelt-2-300x192.jpg\"},{\"@type\":\"BreadcrumbList\",\"@id\":\"https:\/\/www.xyhlo.com\/de\/preise\/#breadcrumb\",\"itemListElement\":[{\"@type\":\"ListItem\",\"position\":1,\"name\":\"Home\",\"item\":\"https:\/\/www.xyhlo.com\/de\/\"},{\"@type\":\"ListItem\",\"position\":2,\"name\":\"Preise Xyhlo Biofinish\"}]},{\"@type\":\"WebSite\",\"@id\":\"https:\/\/www.xyhlo.com\/#website\",\"url\":\"https:\/\/www.xyhlo.com\/\",\"name\":\"Xyhlo Biofinish\",\"description\":\"De eerste echt duurzame en 100% natuurlijke houtcoating\",\"publisher\":{\"@id\":\"https:\/\/www.xyhlo.com\/#organization\"},\"potentialAction\":[{\"@type\":\"SearchAction\",\"target\":{\"@type\":\"EntryPoint\",\"urlTemplate\":\"https:\/\/www.xyhlo.com\/?s={search_term_string}\"},\"query-input\":{\"@type\":\"PropertyValueSpecification\",\"valueRequired\":true,\"valueName\":\"search_term_string\"}}],\"inLanguage\":\"de-DE\"},{\"@type\":\"Organization\",\"@id\":\"https:\/\/www.xyhlo.com\/#organization\",\"name\":\"Xyhlo biofinish\",\"url\":\"https:\/\/www.xyhlo.com\/\",\"logo\":{\"@type\":\"ImageObject\",\"inLanguage\":\"de-DE\",\"@id\":\"https:\/\/www.xyhlo.com\/#\/schema\/logo\/image\/\",\"url\":\"https:\/\/www.xyhlo.com\/wp-content\/uploads\/xyhlo-mail-1.png\",\"contentUrl\":\"https:\/\/www.xyhlo.com\/wp-content\/uploads\/xyhlo-mail-1.png\",\"width\":352,\"height\":124,\"caption\":\"Xyhlo biofinish\"},\"image\":{\"@id\":\"https:\/\/www.xyhlo.com\/#\/schema\/logo\/image\/\"},\"sameAs\":[\"https:\/\/www.facebook.com\/Xyhlo\"]}]}<\/script>\n<!-- \/ Yoast SEO plugin. -->","yoast_head_json":{"title":"Preisniveau von Nadelholz mit Xyhlo Biofinish","robots":{"index":"index","follow":"follow","max-snippet":"max-snippet:-1","max-image-preview":"max-image-preview:large","max-video-preview":"max-video-preview:-1"},"canonical":"https:\/\/www.xyhlo.com\/de\/preise\/","og_locale":"de_DE","og_type":"article","og_title":"Preisniveau von Nadelholz mit Xyhlo Biofinish","og_description":"[vc_row type=&#8220;in_container&#8220; scene_position=&#8220;center&#8220; text_color=&#8220;dark&#8220; text_align=&#8220;left&#8220; overlay_strength=&#8220;0.3&#8243;][vc_column column_padding=&#8220;no-extra-padding&#8220; column_padding_position=&#8220;all&#8220; background_color_opacity=&#8220;1&#8243; background_hover_color_opacity=&#8220;1&#8243; width=&#8220;1\/1&#8243;][vc_column_text] Preise f\u00fcr Xyhlo Biofinish [\/vc_column_text][vc_column_text el_class=&#8220;text-intro&#8220;]Mit Xyhlo Biofinish behandeltes Holz liegt preislich im selben Segment, wie herk\u00f6mmliches behandeltes Holz....","og_url":"https:\/\/www.xyhlo.com\/de\/preise\/","og_site_name":"Xyhlo Biofinish","article_publisher":"https:\/\/www.facebook.com\/Xyhlo","article_modified_time":"2016-09-27T09:37:33+00:00","og_image":[{"width":813,"height":520,"url":"https:\/\/www.xyhlo.com\/wp-content\/uploads\/Xyhlo-Biofinish-Grafik-Preise-Umwelt-2.jpg","type":"image\/jpeg"}],"twitter_card":"summary_large_image","twitter_misc":{"Gesch\u00e4tzte Lesezeit":"2 Minuten"},"schema":{"@context":"https:\/\/schema.org","@graph":[{"@type":"WebPage","@id":"https:\/\/www.xyhlo.com\/de\/preise\/","url":"https:\/\/www.xyhlo.com\/de\/preise\/","name":"Preisniveau von Nadelholz mit Xyhlo Biofinish","isPartOf":{"@id":"https:\/\/www.xyhlo.com\/#website"},"primaryImageOfPage":{"@id":"https:\/\/www.xyhlo.com\/de\/preise\/#primaryimage"},"image":{"@id":"https:\/\/www.xyhlo.com\/de\/preise\/#primaryimage"},"thumbnailUrl":"http:\/\/www.xyhlo.com\/wp-content\/uploads\/Xyhlo-Biofinish-Grafik-Preise-Umwelt-2-300x192.jpg","datePublished":"2016-04-12T13:00:43+00:00","dateModified":"2016-09-27T09:37:33+00:00","breadcrumb":{"@id":"https:\/\/www.xyhlo.com\/de\/preise\/#breadcrumb"},"inLanguage":"de-DE","potentialAction":[{"@type":"ReadAction","target":["https:\/\/www.xyhlo.com\/de\/preise\/"]}]},{"@type":"ImageObject","inLanguage":"de-DE","@id":"https:\/\/www.xyhlo.com\/de\/preise\/#primaryimage","url":"http:\/\/www.xyhlo.com\/wp-content\/uploads\/Xyhlo-Biofinish-Grafik-Preise-Umwelt-2-300x192.jpg","contentUrl":"http:\/\/www.xyhlo.com\/wp-content\/uploads\/Xyhlo-Biofinish-Grafik-Preise-Umwelt-2-300x192.jpg"},{"@type":"BreadcrumbList","@id":"https:\/\/www.xyhlo.com\/de\/preise\/#breadcrumb","itemListElement":[{"@type":"ListItem","position":1,"name":"Home","item":"https:\/\/www.xyhlo.com\/de\/"},{"@type":"ListItem","position":2,"name":"Preise Xyhlo Biofinish"}]},{"@type":"WebSite","@id":"https:\/\/www.xyhlo.com\/#website","url":"https:\/\/www.xyhlo.com\/","name":"Xyhlo Biofinish","description":"De eerste echt duurzame en 100% natuurlijke houtcoating","publisher":{"@id":"https:\/\/www.xyhlo.com\/#organization"},"potentialAction":[{"@type":"SearchAction","target":{"@type":"EntryPoint","urlTemplate":"https:\/\/www.xyhlo.com\/?s={search_term_string}"},"query-input":{"@type":"PropertyValueSpecification","valueRequired":true,"valueName":"search_term_string"}}],"inLanguage":"de-DE"},{"@type":"Organization","@id":"https:\/\/www.xyhlo.com\/#organization","name":"Xyhlo biofinish","url":"https:\/\/www.xyhlo.com\/","logo":{"@type":"ImageObject","inLanguage":"de-DE","@id":"https:\/\/www.xyhlo.com\/#\/schema\/logo\/image\/","url":"https:\/\/www.xyhlo.com\/wp-content\/uploads\/xyhlo-mail-1.png","contentUrl":"https:\/\/www.xyhlo.com\/wp-content\/uploads\/xyhlo-mail-1.png","width":352,"height":124,"caption":"Xyhlo biofinish"},"image":{"@id":"https:\/\/www.xyhlo.com\/#\/schema\/logo\/image\/"},"sameAs":["https:\/\/www.facebook.com\/Xyhlo"]}]}},"_links":{"self":[{"href":"https:\/\/www.xyhlo.com\/de\/wp-json\/wp\/v2\/pages\/1227","targetHints":{"allow":["GET"]}}],"collection":[{"href":"https:\/\/www.xyhlo.com\/de\/wp-json\/wp\/v2\/pages"}],"about":[{"href":"https:\/\/www.xyhlo.com\/de\/wp-json\/wp\/v2\/types\/page"}],"author":[{"embeddable":true,"href":"https:\/\/www.xyhlo.com\/de\/wp-json\/wp\/v2\/users\/2"}],"replies":[{"embeddable":true,"href":"https:\/\/www.xyhlo.com\/de\/wp-json\/wp\/v2\/comments?post=1227"}],"version-history":[{"count":14,"href":"https:\/\/www.xyhlo.com\/de\/wp-json\/wp\/v2\/pages\/1227\/revisions"}],"predecessor-version":[{"id":1440,"href":"https:\/\/www.xyhlo.com\/de\/wp-json\/wp\/v2\/pages\/1227\/revisions\/1440"}],"wp:attachment":[{"href":"https:\/\/www.xyhlo.com\/de\/wp-json\/wp\/v2\/media?parent=1227"}],"curies":[{"name":"wp","href":"https:\/\/api.w.org\/{rel}","templated":true}]}}