{"id":1207,"date":"2016-04-12T16:45:45","date_gmt":"2016-04-12T14:45:45","guid":{"rendered":"http:\/\/www.xyhlo.com\/anwendungen-biofinish\/fassadenverkleidungen\/composiet\/?lang=de"},"modified":"2016-08-25T11:32:42","modified_gmt":"2016-08-25T09:32:42","slug":"komposit","status":"publish","type":"page","link":"https:\/\/www.xyhlo.com\/de\/anwendungen-biofinish\/fassadenverkleidungen\/komposit\/","title":{"rendered":"Komposit-Fassadenverkleidung"},"content":{"rendered":"[vc_row type=&#8220;in_container&#8220; scene_position=&#8220;center&#8220; text_color=&#8220;dark&#8220; text_align=&#8220;left&#8220; overlay_strength=&#8220;0.3&#8243;][vc_column column_padding=&#8220;no-extra-padding&#8220; column_padding_position=&#8220;all&#8220; background_color_opacity=&#8220;1&#8243; background_hover_color_opacity=&#8220;1&#8243; width=&#8220;1\/1&#8243;][vc_column_text]\n<h1>Komposit-Fassadenverkleidung<\/h1>\n[\/vc_column_text][vc_column_text el_class=&#8220;text-intro&#8220;]Komposit ist eine Sammelbezeichnung f\u00fcr Materialien die aus verschiedenen Komponenten aufgebaut sind. Einerseits sind die Fasern die strukturelle St\u00e4rke bieten und andererseits ein Harz das die Konstruktion zusammenh\u00e4lt. Komposit-Fassadenverkleidung wird viel bei Renovierungen verwendet. Bei Fassadenverkleidungen wird Komposit in Kombination mit Stein oder Holz verwendet. Komposit-Fassadenverkleidung besteht aus PVC und Holz besteht zu 95% Holzfasern und 5% Kunstharz. [\/vc_column_text][\/vc_column][\/vc_row][vc_row type=&#8220;in_container&#8220; scene_position=&#8220;center&#8220; text_color=&#8220;dark&#8220; text_align=&#8220;left&#8220; overlay_strength=&#8220;0.3&#8243;][vc_column column_padding=&#8220;no-extra-padding&#8220; column_padding_position=&#8220;all&#8220; background_color_opacity=&#8220;1&#8243; background_hover_color_opacity=&#8220;1&#8243; width=&#8220;1\/2&#8243;][vc_column_text]\n<h2>Komposit ist nicht umweltfreundlich<\/h2>\n<p>Komposit-Fassadenverkleidungen sind zwar langlebig aber nicht umweltfreundlich oder CO2-neutral. Bei der Produktion von Komposit-Fassadenverkleidungen werden Harze auf Basis von Erd\u00f6l und Styrol verwendet. Au\u00dferdem werden Beschleuniger angewendet um das Aush\u00e4rten zu verschnellen. Desweiteren kostet die Produktion von Komposit-Fassadenverkleidungen viel Energie. Nach der technischen Lebensdauer der Komposit-Fassadenverkleidung k\u00f6nnen diese eventuell recycled werden, was wieder Energiekosten und Abfall verursacht. Werden sie nicht recycled, werden sie verbrannt. Die Produzenten nennen dies Co-Verarbeitung. [\/vc_column_text][\/vc_column][vc_column column_padding=&#8220;no-extra-padding&#8220; column_padding_position=&#8220;all&#8220; background_color_opacity=&#8220;1&#8243; background_hover_color_opacity=&#8220;1&#8243; width=&#8220;1\/2&#8243;][vc_column_text]\n<h2>Alternative f\u00fcr Komposit<\/h2>\n<p>Eine umweltfreundliche Alternative zu Komposit-Fassadenverkleidungen sind h\u00f6lzerne Fassadenverkleidungen, behandelt mit Xyhlo Biofinish, eine nachhaltige und umweltfreundliche biologische Schutzschicht. Damit wird Haut langlebiger, ohne den Gebrauch von umweltbelastenden Technologien oder Chemikalien. Holz mit Xyhlo Biofinish ist im Stande sich selbst wiederherzustellen bei Besch\u00e4digungen, zum Beispiel durch Risse oder Spr\u00fcnge, aber auch bei Besch\u00e4digungen von au\u00dfen. Xyhlo Biofinish besteht aus 100% nat\u00fcrlichen und lokalen Rohstoffen und nach dem Verstreichen der technischen Lebensdauer des Holzes, k\u00f6nnen diese Stoffe zusammen mit dem Holz vollst\u00e4ndig zur\u00fcck in den nat\u00fcrlichen biologischen Kreislauf gebracht werden. [\/vc_column_text][\/vc_column][\/vc_row][vc_row type=&#8220;in_container&#8220; scene_position=&#8220;center&#8220; text_color=&#8220;dark&#8220; text_align=&#8220;left&#8220; overlay_strength=&#8220;0.3&#8243;][vc_column column_padding=&#8220;no-extra-padding&#8220; column_padding_position=&#8220;all&#8220; background_color_opacity=&#8220;1&#8243; background_hover_color_opacity=&#8220;1&#8243; width=&#8220;1\/1&#8243;][vc_column_text el_class=&#8220;cta-block&#8220;]\n<h3 style=\"text-align: center;\">Lernen Sie Xyhlo Biofinish kennen<\/h3>\n<p style=\"text-align: center;\">Wollen Sie das umweltfreundliche und CO2-neutrale Xyhlo Biofinish kennenlernen? Fragen Sie dann unverbindlich nach eine Probe Weichholz das mit Xyhlo Biofinish behandelt wurde und \u00fcberzeugen Sie sich selbst von diesem einzigartigen nat\u00fcrlichen Holzschutz.<\/p>\n<p style=\"text-align: center;\"><a class=\"nectar-button medium accent-color regular-button\"  href=\"http:\/\/www.xyhlo.de\/probe-anfordern\/\" data-color-override=\"false\" data-hover-color-override=\"false\" data-hover-text-color-override=\"#fff\"><span>Probe anfordern<\/span> <\/a>\n[\/vc_column_text][\/vc_column][\/vc_row]\n","protected":false},"excerpt":{"rendered":"<p>[vc_row type=&#8220;in_container&#8220; scene_position=&#8220;center&#8220; text_color=&#8220;dark&#8220; text_align=&#8220;left&#8220; overlay_strength=&#8220;0.3&#8243;][vc_column column_padding=&#8220;no-extra-padding&#8220; column_padding_position=&#8220;all&#8220; background_color_opacity=&#8220;1&#8243; background_hover_color_opacity=&#8220;1&#8243; width=&#8220;1\/1&#8243;][vc_column_text] Komposit-Fassadenverkleidung [\/vc_column_text][vc_column_text el_class=&#8220;text-intro&#8220;]Komposit ist eine Sammelbezeichnung f\u00fcr Materialien die aus verschiedenen Komponenten aufgebaut sind. Einerseits sind die Fasern die&#8230;<\/p>\n","protected":false},"author":2,"featured_media":0,"parent":1204,"menu_order":1,"comment_status":"closed","ping_status":"closed","template":"","meta":{"content-type":"","footnotes":""},"class_list":["post-1207","page","type-page","status-publish","hentry"],"yoast_head":"<!-- This site is optimized with the Yoast SEO plugin v24.1 - https:\/\/yoast.com\/wordpress\/plugins\/seo\/ -->\n<title>Biofinish alternativ f\u00fcr Komposit-Fassadenverkleidung<\/title>\n<meta name=\"description\" content=\"Een milieuvriendelijk alternatief voor composiet gevelbekleding is houten gevelbekleding behandeld met Xyhlo biofinish\" \/>\n<meta name=\"robots\" content=\"index, follow, max-snippet:-1, max-image-preview:large, max-video-preview:-1\" \/>\n<link rel=\"canonical\" href=\"https:\/\/www.xyhlo.com\/de\/anwendungen-biofinish\/fassadenverkleidungen\/komposit\/\" \/>\n<meta property=\"og:locale\" content=\"de_DE\" \/>\n<meta property=\"og:type\" content=\"article\" \/>\n<meta property=\"og:title\" content=\"Biofinish alternativ f\u00fcr Komposit-Fassadenverkleidung\" \/>\n<meta property=\"og:description\" content=\"Een milieuvriendelijk alternatief voor composiet gevelbekleding is houten gevelbekleding behandeld met Xyhlo biofinish\" \/>\n<meta property=\"og:url\" content=\"https:\/\/www.xyhlo.com\/de\/anwendungen-biofinish\/fassadenverkleidungen\/komposit\/\" \/>\n<meta property=\"og:site_name\" content=\"Xyhlo Biofinish\" \/>\n<meta property=\"article:publisher\" content=\"https:\/\/www.facebook.com\/Xyhlo\" \/>\n<meta property=\"article:modified_time\" content=\"2016-08-25T09:32:42+00:00\" \/>\n<meta name=\"twitter:card\" content=\"summary_large_image\" \/>\n<meta name=\"twitter:label1\" content=\"Gesch\u00e4tzte Lesezeit\" \/>\n\t<meta name=\"twitter:data1\" content=\"2 Minuten\" \/>\n<script type=\"application\/ld+json\" class=\"yoast-schema-graph\">{\"@context\":\"https:\/\/schema.org\",\"@graph\":[{\"@type\":\"WebPage\",\"@id\":\"https:\/\/www.xyhlo.com\/de\/anwendungen-biofinish\/fassadenverkleidungen\/komposit\/\",\"url\":\"https:\/\/www.xyhlo.com\/de\/anwendungen-biofinish\/fassadenverkleidungen\/komposit\/\",\"name\":\"Biofinish alternativ f\u00fcr Komposit-Fassadenverkleidung\",\"isPartOf\":{\"@id\":\"https:\/\/www.xyhlo.com\/#website\"},\"datePublished\":\"2016-04-12T14:45:45+00:00\",\"dateModified\":\"2016-08-25T09:32:42+00:00\",\"description\":\"Een milieuvriendelijk alternatief voor composiet gevelbekleding is houten gevelbekleding behandeld met Xyhlo biofinish\",\"breadcrumb\":{\"@id\":\"https:\/\/www.xyhlo.com\/de\/anwendungen-biofinish\/fassadenverkleidungen\/komposit\/#breadcrumb\"},\"inLanguage\":\"de-DE\",\"potentialAction\":[{\"@type\":\"ReadAction\",\"target\":[\"https:\/\/www.xyhlo.com\/de\/anwendungen-biofinish\/fassadenverkleidungen\/komposit\/\"]}]},{\"@type\":\"BreadcrumbList\",\"@id\":\"https:\/\/www.xyhlo.com\/de\/anwendungen-biofinish\/fassadenverkleidungen\/komposit\/#breadcrumb\",\"itemListElement\":[{\"@type\":\"ListItem\",\"position\":1,\"name\":\"Home\",\"item\":\"https:\/\/www.xyhlo.com\/de\/\"},{\"@type\":\"ListItem\",\"position\":2,\"name\":\"Anwendungen von Xyhlo Biofinish\",\"item\":\"https:\/\/www.xyhlo.com\/de\/anwendungen-biofinish\/\"},{\"@type\":\"ListItem\",\"position\":3,\"name\":\"Xyhlo f\u00fcr Fassadenverkleidungen\",\"item\":\"https:\/\/www.xyhlo.com\/de\/anwendungen-biofinish\/fassadenverkleidungen\/\"},{\"@type\":\"ListItem\",\"position\":4,\"name\":\"Komposit-Fassadenverkleidung\"}]},{\"@type\":\"WebSite\",\"@id\":\"https:\/\/www.xyhlo.com\/#website\",\"url\":\"https:\/\/www.xyhlo.com\/\",\"name\":\"Xyhlo Biofinish\",\"description\":\"De eerste echt duurzame en 100% natuurlijke houtcoating\",\"publisher\":{\"@id\":\"https:\/\/www.xyhlo.com\/#organization\"},\"potentialAction\":[{\"@type\":\"SearchAction\",\"target\":{\"@type\":\"EntryPoint\",\"urlTemplate\":\"https:\/\/www.xyhlo.com\/?s={search_term_string}\"},\"query-input\":{\"@type\":\"PropertyValueSpecification\",\"valueRequired\":true,\"valueName\":\"search_term_string\"}}],\"inLanguage\":\"de-DE\"},{\"@type\":\"Organization\",\"@id\":\"https:\/\/www.xyhlo.com\/#organization\",\"name\":\"Xyhlo biofinish\",\"url\":\"https:\/\/www.xyhlo.com\/\",\"logo\":{\"@type\":\"ImageObject\",\"inLanguage\":\"de-DE\",\"@id\":\"https:\/\/www.xyhlo.com\/#\/schema\/logo\/image\/\",\"url\":\"https:\/\/www.xyhlo.com\/wp-content\/uploads\/xyhlo-mail-1.png\",\"contentUrl\":\"https:\/\/www.xyhlo.com\/wp-content\/uploads\/xyhlo-mail-1.png\",\"width\":352,\"height\":124,\"caption\":\"Xyhlo biofinish\"},\"image\":{\"@id\":\"https:\/\/www.xyhlo.com\/#\/schema\/logo\/image\/\"},\"sameAs\":[\"https:\/\/www.facebook.com\/Xyhlo\"]}]}<\/script>\n<!-- \/ Yoast SEO plugin. -->","yoast_head_json":{"title":"Biofinish alternativ f\u00fcr Komposit-Fassadenverkleidung","description":"Een milieuvriendelijk alternatief voor composiet gevelbekleding is houten gevelbekleding behandeld met Xyhlo biofinish","robots":{"index":"index","follow":"follow","max-snippet":"max-snippet:-1","max-image-preview":"max-image-preview:large","max-video-preview":"max-video-preview:-1"},"canonical":"https:\/\/www.xyhlo.com\/de\/anwendungen-biofinish\/fassadenverkleidungen\/komposit\/","og_locale":"de_DE","og_type":"article","og_title":"Biofinish alternativ f\u00fcr Komposit-Fassadenverkleidung","og_description":"Een milieuvriendelijk alternatief voor composiet gevelbekleding is houten gevelbekleding behandeld met Xyhlo biofinish","og_url":"https:\/\/www.xyhlo.com\/de\/anwendungen-biofinish\/fassadenverkleidungen\/komposit\/","og_site_name":"Xyhlo Biofinish","article_publisher":"https:\/\/www.facebook.com\/Xyhlo","article_modified_time":"2016-08-25T09:32:42+00:00","twitter_card":"summary_large_image","twitter_misc":{"Gesch\u00e4tzte Lesezeit":"2 Minuten"},"schema":{"@context":"https:\/\/schema.org","@graph":[{"@type":"WebPage","@id":"https:\/\/www.xyhlo.com\/de\/anwendungen-biofinish\/fassadenverkleidungen\/komposit\/","url":"https:\/\/www.xyhlo.com\/de\/anwendungen-biofinish\/fassadenverkleidungen\/komposit\/","name":"Biofinish alternativ f\u00fcr Komposit-Fassadenverkleidung","isPartOf":{"@id":"https:\/\/www.xyhlo.com\/#website"},"datePublished":"2016-04-12T14:45:45+00:00","dateModified":"2016-08-25T09:32:42+00:00","description":"Een milieuvriendelijk alternatief voor composiet gevelbekleding is houten gevelbekleding behandeld met Xyhlo biofinish","breadcrumb":{"@id":"https:\/\/www.xyhlo.com\/de\/anwendungen-biofinish\/fassadenverkleidungen\/komposit\/#breadcrumb"},"inLanguage":"de-DE","potentialAction":[{"@type":"ReadAction","target":["https:\/\/www.xyhlo.com\/de\/anwendungen-biofinish\/fassadenverkleidungen\/komposit\/"]}]},{"@type":"BreadcrumbList","@id":"https:\/\/www.xyhlo.com\/de\/anwendungen-biofinish\/fassadenverkleidungen\/komposit\/#breadcrumb","itemListElement":[{"@type":"ListItem","position":1,"name":"Home","item":"https:\/\/www.xyhlo.com\/de\/"},{"@type":"ListItem","position":2,"name":"Anwendungen von Xyhlo Biofinish","item":"https:\/\/www.xyhlo.com\/de\/anwendungen-biofinish\/"},{"@type":"ListItem","position":3,"name":"Xyhlo f\u00fcr Fassadenverkleidungen","item":"https:\/\/www.xyhlo.com\/de\/anwendungen-biofinish\/fassadenverkleidungen\/"},{"@type":"ListItem","position":4,"name":"Komposit-Fassadenverkleidung"}]},{"@type":"WebSite","@id":"https:\/\/www.xyhlo.com\/#website","url":"https:\/\/www.xyhlo.com\/","name":"Xyhlo Biofinish","description":"De eerste echt duurzame en 100% natuurlijke houtcoating","publisher":{"@id":"https:\/\/www.xyhlo.com\/#organization"},"potentialAction":[{"@type":"SearchAction","target":{"@type":"EntryPoint","urlTemplate":"https:\/\/www.xyhlo.com\/?s={search_term_string}"},"query-input":{"@type":"PropertyValueSpecification","valueRequired":true,"valueName":"search_term_string"}}],"inLanguage":"de-DE"},{"@type":"Organization","@id":"https:\/\/www.xyhlo.com\/#organization","name":"Xyhlo biofinish","url":"https:\/\/www.xyhlo.com\/","logo":{"@type":"ImageObject","inLanguage":"de-DE","@id":"https:\/\/www.xyhlo.com\/#\/schema\/logo\/image\/","url":"https:\/\/www.xyhlo.com\/wp-content\/uploads\/xyhlo-mail-1.png","contentUrl":"https:\/\/www.xyhlo.com\/wp-content\/uploads\/xyhlo-mail-1.png","width":352,"height":124,"caption":"Xyhlo biofinish"},"image":{"@id":"https:\/\/www.xyhlo.com\/#\/schema\/logo\/image\/"},"sameAs":["https:\/\/www.facebook.com\/Xyhlo"]}]}},"_links":{"self":[{"href":"https:\/\/www.xyhlo.com\/de\/wp-json\/wp\/v2\/pages\/1207","targetHints":{"allow":["GET"]}}],"collection":[{"href":"https:\/\/www.xyhlo.com\/de\/wp-json\/wp\/v2\/pages"}],"about":[{"href":"https:\/\/www.xyhlo.com\/de\/wp-json\/wp\/v2\/types\/page"}],"author":[{"embeddable":true,"href":"https:\/\/www.xyhlo.com\/de\/wp-json\/wp\/v2\/users\/2"}],"replies":[{"embeddable":true,"href":"https:\/\/www.xyhlo.com\/de\/wp-json\/wp\/v2\/comments?post=1207"}],"version-history":[{"count":3,"href":"https:\/\/www.xyhlo.com\/de\/wp-json\/wp\/v2\/pages\/1207\/revisions"}],"predecessor-version":[{"id":1210,"href":"https:\/\/www.xyhlo.com\/de\/wp-json\/wp\/v2\/pages\/1207\/revisions\/1210"}],"up":[{"embeddable":true,"href":"https:\/\/www.xyhlo.com\/de\/wp-json\/wp\/v2\/pages\/1204"}],"wp:attachment":[{"href":"https:\/\/www.xyhlo.com\/de\/wp-json\/wp\/v2\/media?parent=1207"}],"curies":[{"name":"wp","href":"https:\/\/api.w.org\/{rel}","templated":true}]}}